{"id":105,"date":"2022-12-13T08:31:43","date_gmt":"2022-12-13T08:31:43","guid":{"rendered":"https:\/\/fan-restaurant.de\/index.php\/history\/"},"modified":"2024-06-04T10:39:11","modified_gmt":"2024-06-04T10:39:11","slug":"uber-uns","status":"publish","type":"page","link":"https:\/\/fan-restaurant.de\/index.php\/uber-uns\/","title":{"rendered":"\u00dcber uns"},"content":{"rendered":"\t\t<div data-elementor-type=\"wp-page\" data-elementor-id=\"105\" class=\"elementor elementor-105\">\n\t\t\t\t\t\t\t\t\t<section class=\"elementor-section elementor-top-section elementor-element elementor-element-7291b84 elementor-section-full_width elementor-section-height-min-height elementor-section-items-stretch elementor-section-height-default\" data-id=\"7291b84\" data-element_type=\"section\">\n\t\t\t\t\t\t<div class=\"elementor-container elementor-column-gap-no\">\n\t\t\t\t\t<div class=\"elementor-column elementor-col-100 elementor-top-column elementor-element elementor-element-f1e7eca\" data-id=\"f1e7eca\" data-element_type=\"column\" data-settings=\"{&quot;background_background&quot;:&quot;classic&quot;}\">\n\t\t\t<div class=\"elementor-widget-wrap elementor-element-populated\">\n\t\t\t\t\t<div class=\"elementor-background-overlay\"><\/div>\n\t\t\t\t\t\t\t\t<div class=\"elementor-element elementor-element-854e2c0 elementor-widget elementor-widget-heading\" data-id=\"854e2c0\" data-element_type=\"widget\" data-widget_type=\"heading.default\">\n\t\t\t\t<div class=\"elementor-widget-container\">\n\t\t\t<style>\/*! elementor - v3.11.4 - 12-03-2023 *\/\n.elementor-heading-title{padding:0;margin:0;line-height:1}.elementor-widget-heading .elementor-heading-title[class*=elementor-size-]>a{color:inherit;font-size:inherit;line-height:inherit}.elementor-widget-heading .elementor-heading-title.elementor-size-small{font-size:15px}.elementor-widget-heading .elementor-heading-title.elementor-size-medium{font-size:19px}.elementor-widget-heading .elementor-heading-title.elementor-size-large{font-size:29px}.elementor-widget-heading .elementor-heading-title.elementor-size-xl{font-size:39px}.elementor-widget-heading .elementor-heading-title.elementor-size-xxl{font-size:59px}<\/style><h3 class=\"elementor-heading-title elementor-size-default\">Fan-Restaurant<\/h3>\t\t<\/div>\n\t\t\t\t<\/div>\n\t\t\t\t<div class=\"elementor-element elementor-element-662aca2 elementor-widget elementor-widget-heading\" data-id=\"662aca2\" data-element_type=\"widget\" data-widget_type=\"heading.default\">\n\t\t\t\t<div class=\"elementor-widget-container\">\n\t\t\t<h1 class=\"elementor-heading-title elementor-size-default\">\u00dcber uns<\/h1>\t\t<\/div>\n\t\t\t\t<\/div>\n\t\t\t\t\t<\/div>\n\t\t<\/div>\n\t\t\t\t\t\t\t<\/div>\n\t\t<\/section>\n\t\t\t\t<section class=\"elementor-section elementor-top-section elementor-element elementor-element-7f78cc8 elementor-section-full_width elementor-section-height-default elementor-section-height-default\" data-id=\"7f78cc8\" data-element_type=\"section\">\n\t\t\t\t\t\t<div class=\"elementor-container elementor-column-gap-no\">\n\t\t\t\t\t<div class=\"elementor-column elementor-col-33 elementor-top-column elementor-element elementor-element-8120d49\" data-id=\"8120d49\" data-element_type=\"column\" data-settings=\"{&quot;background_background&quot;:&quot;classic&quot;}\">\n\t\t\t<div class=\"elementor-widget-wrap elementor-element-populated\">\n\t\t\t\t\t\t\t\t<div class=\"elementor-element elementor-element-e157938 elementor-widget elementor-widget-heading\" data-id=\"e157938\" data-element_type=\"widget\" data-widget_type=\"heading.default\">\n\t\t\t\t<div class=\"elementor-widget-container\">\n\t\t\t<h2 class=\"elementor-heading-title elementor-size-default\">\u00dcber Fan<\/h2>\t\t<\/div>\n\t\t\t\t<\/div>\n\t\t\t\t<div class=\"elementor-element elementor-element-3e74bcf elementor-widget elementor-widget-text-editor\" data-id=\"3e74bcf\" data-element_type=\"widget\" data-widget_type=\"text-editor.default\">\n\t\t\t\t<div class=\"elementor-widget-container\">\n\t\t\t<style>\/*! elementor - v3.11.4 - 12-03-2023 *\/\n.elementor-widget-text-editor.elementor-drop-cap-view-stacked .elementor-drop-cap{background-color:#818a91;color:#fff}.elementor-widget-text-editor.elementor-drop-cap-view-framed .elementor-drop-cap{color:#818a91;border:3px solid;background-color:transparent}.elementor-widget-text-editor:not(.elementor-drop-cap-view-default) .elementor-drop-cap{margin-top:8px}.elementor-widget-text-editor:not(.elementor-drop-cap-view-default) .elementor-drop-cap-letter{width:1em;height:1em}.elementor-widget-text-editor .elementor-drop-cap{float:left;text-align:center;line-height:1;font-size:50px}.elementor-widget-text-editor .elementor-drop-cap-letter{display:inline-block}<\/style>\t\t\t\t<p>Willkommen im Fan-Restaurant, wo kulinarische Exzellenz auf kulturelles Eintauchen im Herzen unserer pulsierenden Stadt trifft. Unser in einer gem\u00fctlichen Ecke gelegenes Restaurant strahlt W\u00e4rme und Authentizit\u00e4t aus und l\u00e4dt die G\u00e4ste zu einer gastronomischen Reise durch die reichhaltigen und vielf\u00e4ltigen Aromen der Sichuan-K\u00fcche ein. Sobald Sie unsere T\u00fcren betreten, werden Sie von den verlockenden D\u00fcften von Gew\u00fcrzen und Kr\u00e4utern begr\u00fc\u00dft, die aus unserer gesch\u00e4ftigen K\u00fcche wehen.&nbsp;<\/p><p>Unser Team aus leidenschaftlichen K\u00f6chen ist stolz darauf, jedes Gericht mit Pr\u00e4zision und Sorgfalt zuzubereiten und dabei traditionelle Techniken und die besten Zutaten zu verwenden, um ein unvergleichliches kulinarisches Erlebnis zu gew\u00e4hrleisten. Ganz gleich, ob Sie die kr\u00e4ftigen Aromen von Mapo-Tofu genie\u00dfen oder die feine Balance aus s\u00fc\u00df und w\u00fcrzig in unserem Kung-Pao-H\u00e4hnchen genie\u00dfen, jedes Gericht erz\u00e4hlt eine Geschichte kulinarischer Meisterschaft und kulturellen Erbes. Erg\u00e4nzt durch eine ausgew\u00e4hlte Getr\u00e4nkeauswahl und aufmerksamen Service ist eine Mahlzeit im Fan-Restaurant mehr als nur Essen \u2013 es ist ein Fest des Geschmacks, der Tradition und der Gemeinschaft.<\/p>\t\t\t\t\t\t<\/div>\n\t\t\t\t<\/div>\n\t\t\t\t\t<\/div>\n\t\t<\/div>\n\t\t\t\t<div class=\"elementor-column elementor-col-66 elementor-top-column elementor-element elementor-element-ab72505\" data-id=\"ab72505\" data-element_type=\"column\" data-settings=\"{&quot;background_background&quot;:&quot;classic&quot;}\">\n\t\t\t<div class=\"elementor-widget-wrap elementor-element-populated\">\n\t\t\t\t\t<div class=\"elementor-background-overlay\"><\/div>\n\t\t\t\t\t\t\t\t<div class=\"elementor-element elementor-element-2b1840a elementor-widget elementor-widget-image\" data-id=\"2b1840a\" data-element_type=\"widget\" data-widget_type=\"image.default\">\n\t\t\t\t<div class=\"elementor-widget-container\">\n\t\t\t<style>\/*! elementor - v3.11.4 - 12-03-2023 *\/\n.elementor-widget-image{text-align:center}.elementor-widget-image a{display:inline-block}.elementor-widget-image a img[src$=\".svg\"]{width:48px}.elementor-widget-image img{vertical-align:middle;display:inline-block}<\/style>\t\t\t\t\t\t\t\t\t\t\t\t<img loading=\"lazy\" decoding=\"async\" width=\"1685\" height=\"2560\" src=\"https:\/\/fan-restaurant.de\/wp-content\/uploads\/2024\/06\/123-scaled.jpg\" class=\"attachment-full size-full wp-image-1868\" alt=\"\" srcset=\"https:\/\/fan-restaurant.de\/wp-content\/uploads\/2024\/06\/123-scaled.jpg 1685w, https:\/\/fan-restaurant.de\/wp-content\/uploads\/2024\/06\/123-197x300.jpg 197w, https:\/\/fan-restaurant.de\/wp-content\/uploads\/2024\/06\/123-674x1024.jpg 674w, https:\/\/fan-restaurant.de\/wp-content\/uploads\/2024\/06\/123-768x1167.jpg 768w, https:\/\/fan-restaurant.de\/wp-content\/uploads\/2024\/06\/123-1011x1536.jpg 1011w, https:\/\/fan-restaurant.de\/wp-content\/uploads\/2024\/06\/123-1348x2048.jpg 1348w\" sizes=\"(max-width: 1685px) 100vw, 1685px\" \/>\t\t\t\t\t\t\t\t\t\t\t\t\t\t\t<\/div>\n\t\t\t\t<\/div>\n\t\t\t\t\t<\/div>\n\t\t<\/div>\n\t\t\t\t\t\t\t<\/div>\n\t\t<\/section>\n\t\t\t\t\t\t\t<\/div>\n\t\t","protected":false},"excerpt":{"rendered":"<p>Fan-Restaurant \u00dcber uns \u00dcber Fan Willkommen im Fan-Rest &hellip;<\/p>\n<p class=\"read-more\"> <a class=\"\" href=\"https:\/\/fan-restaurant.de\/index.php\/uber-uns\/\"> <span class=\"screen-reader-text\">\u00dcber uns<\/span> \u67e5\u770b\u5168\u6587 &raquo;<\/a><\/p>\n","protected":false},"author":1,"featured_media":0,"parent":0,"menu_order":0,"comment_status":"closed","ping_status":"closed","template":"","meta":{"site-sidebar-layout":"no-sidebar","site-content-layout":"page-builder","ast-global-header-display":"","ast-main-header-display":"","ast-hfb-above-header-display":"","ast-hfb-below-header-display":"","ast-hfb-mobile-header-display":"","site-post-title":"disabled","ast-breadcrumbs-content":"","ast-featured-img":"disabled","footer-sml-layout":"","theme-transparent-header-meta":"enabled","adv-header-id-meta":"","stick-header-meta":"","header-above-stick-meta":"","header-main-stick-meta":"","header-below-stick-meta":"","footnotes":""},"_links":{"self":[{"href":"https:\/\/fan-restaurant.de\/index.php\/wp-json\/wp\/v2\/pages\/105"}],"collection":[{"href":"https:\/\/fan-restaurant.de\/index.php\/wp-json\/wp\/v2\/pages"}],"about":[{"href":"https:\/\/fan-restaurant.de\/index.php\/wp-json\/wp\/v2\/types\/page"}],"author":[{"embeddable":true,"href":"https:\/\/fan-restaurant.de\/index.php\/wp-json\/wp\/v2\/users\/1"}],"replies":[{"embeddable":true,"href":"https:\/\/fan-restaurant.de\/index.php\/wp-json\/wp\/v2\/comments?post=105"}],"version-history":[{"count":77,"href":"https:\/\/fan-restaurant.de\/index.php\/wp-json\/wp\/v2\/pages\/105\/revisions"}],"predecessor-version":[{"id":1939,"href":"https:\/\/fan-restaurant.de\/index.php\/wp-json\/wp\/v2\/pages\/105\/revisions\/1939"}],"wp:attachment":[{"href":"https:\/\/fan-restaurant.de\/index.php\/wp-json\/wp\/v2\/media?parent=105"}],"curies":[{"name":"wp","href":"https:\/\/api.w.org\/{rel}","templated":true}]}}